{"id":846,"date":"2023-12-01T09:49:41","date_gmt":"2023-12-01T09:49:41","guid":{"rendered":"https:\/\/goofy-sammet.94-130-144-123.plesk.page\/?page_id=846"},"modified":"2023-12-01T12:16:27","modified_gmt":"2023-12-01T12:16:27","slug":"tajekoztatas-a-visszaeles-bejelentesekke","status":"publish","type":"page","link":"https:\/\/koensecurity.hu\/?page_id=846","title":{"rendered":"T\u00e1j\u00e9koztat\u00e1s a vissza\u00e9l\u00e9s-bejelent\u00e9sekkel"},"content":{"rendered":"\t\t<div data-elementor-type=\"wp-page\" data-elementor-id=\"846\" class=\"elementor elementor-846\" data-elementor-post-type=\"page\">\n\t\t\t\t\t\t<section class=\"elementor-section elementor-top-section elementor-element elementor-element-94e98c7 elementor-section-height-min-height elementor-section-boxed elementor-section-height-default elementor-section-items-middle\" data-id=\"94e98c7\" data-element_type=\"section\" data-e-type=\"section\" data-settings=\"{&quot;background_background&quot;:&quot;classic&quot;}\">\n\t\t\t\t\t\t\t<div class=\"elementor-background-overlay\"><\/div>\n\t\t\t\t\t\t\t<div class=\"elementor-container elementor-column-gap-no\">\n\t\t\t\t\t<div class=\"elementor-column elementor-col-100 elementor-top-column elementor-element elementor-element-aa52aeb\" data-id=\"aa52aeb\" data-element_type=\"column\" data-e-type=\"column\">\n\t\t\t<div class=\"elementor-widget-wrap elementor-element-populated\">\n\t\t\t\t\t\t<div class=\"elementor-element elementor-element-b4218c5 elementor-widget elementor-widget-heading\" data-id=\"b4218c5\" data-element_type=\"widget\" data-e-type=\"widget\" data-widget_type=\"heading.default\">\n\t\t\t\t<div class=\"elementor-widget-container\">\n\t\t\t\t\t<h1 class=\"elementor-heading-title elementor-size-default\">T\u00e1j\u00e9koztat\u00e1s a vissza\u00e9l\u00e9s-bejelent\u00e9sekkel, valamint a bels\u0151 vissza\u00e9l\u00e9s- bejelent\u00e9si rendszer m\u0171k\u00f6d\u00e9s\u00e9vel kapcsolatban<\/h1>\t\t\t\t<\/div>\n\t\t\t\t<\/div>\n\t\t\t\t\t<\/div>\n\t\t<\/div>\n\t\t\t\t\t<\/div>\n\t\t<\/section>\n\t\t<div class=\"elementor-element elementor-element-8a8758d e-flex e-con-boxed e-con e-parent\" data-id=\"8a8758d\" data-element_type=\"container\" data-e-type=\"container\">\n\t\t\t\t\t<div class=\"e-con-inner\">\n\t\t\t\t<div class=\"elementor-element elementor-element-6feda9b elementor-widget elementor-widget-spacer\" data-id=\"6feda9b\" data-element_type=\"widget\" data-e-type=\"widget\" data-widget_type=\"spacer.default\">\n\t\t\t\t<div class=\"elementor-widget-container\">\n\t\t\t\t\t\t\t<div class=\"elementor-spacer\">\n\t\t\t<div class=\"elementor-spacer-inner\"><\/div>\n\t\t<\/div>\n\t\t\t\t\t\t<\/div>\n\t\t\t\t<\/div>\n\t\t\t\t<div class=\"elementor-element elementor-element-3e21ddd elementor-widget elementor-widget-text-editor\" data-id=\"3e21ddd\" data-element_type=\"widget\" data-e-type=\"widget\" data-widget_type=\"text-editor.default\">\n\t\t\t\t<div class=\"elementor-widget-container\">\n\t\t\t\t\t\t\t\t\t<p><span style=\"font-style: inherit; font-weight: inherit; text-align: var(--text-align); background-color: var(--ast-global-color-4);\">A KOEN Security Biztons\u00e1gi Kft. a panaszokr\u00f3l, a k\u00f6z\u00e9rdek\u0171 bejelent\u00e9sekr\u0151l, valamint a vissza\u00e9l\u00e9sek bejelent\u00e9s\u00e9vel \u00f6sszef\u00fcgg\u0151 szab\u00e1lyokr\u00f3l sz\u00f3l\u00f3 2023. \u00e9vi XXV. t\u00f6rv\u00e9ny (a tov\u00e1bbiakban: Panaszt\u00f6rv\u00e9ny) 18. \u00a7 (1) bekezd\u00e9s\u00e9ben foglaltak alapj\u00e1n bels\u0151 vissza\u00e9l\u00e9s-bejelent\u00e9si rendszert m\u0171k\u00f6dtet, melyr\u0151l az al\u00e1bbi t\u00e1j\u00e9koztat\u00e1st adja.<\/span><br><\/p>\n<p><em>Mi a bels\u0151 vissza\u00e9l\u00e9s-bejelent\u00e9si rendszer m\u0171k\u00f6d\u00e9s\u00e9nek c\u00e9lja? <\/em><\/p>\n<p>A KOEN Security Biztons\u00e1gi Kft. ( tov\u00e1bbiakban: Foglalkoztat\u00f3 ) a panaszt\u00f6rv\u00e9ny szerinti bels\u0151 vissza\u00e9l\u00e9s-bejelent\u00e9si rendszert m\u0171k\u00f6dtet a mag\u00e1nbiztons\u00e1gi szektorba vetett \u00e1llampolg\u00e1ri bizalom n\u00f6vel\u00e9se, m\u0171k\u00f6d\u00e9s\u00e9nek transzparensebb\u00e9 t\u00e9tele \u00e9rdek\u00e9ben.&nbsp;<\/p>\n<p><em>Hogyan m\u0171k\u00f6dik a bels\u0151 vissza\u00e9l\u00e9s-bejelent\u00e9si rendszer ?<\/em><\/p>\n<p>A Panaszt\u00f6rv\u00e9ny 19. \u00a7 (1) bekezd\u00e9se alapj\u00e1n a Foglalkoztat\u00f3 a bels\u0151 vissza\u00e9l\u00e9s-bejelent\u00e9si rendszert a Foglalkoztat\u00f3n\u00e1l erre c\u00e9lra kijel\u00f6lt p\u00e1rtatlan szem\u00e9ly \u00fatj\u00e1n &nbsp;m\u0171k\u00f6dteti, garant\u00e1lva a vissza\u00e9l\u00e9sek vagy jogs\u00e9rt\u00e9sek bejelent\u00e9s\u00e9nek lehet\u0151s\u00e9g\u00e9t, biztos\u00edtva a bejelent\u0151k min\u00e9l teljesebb k\u00f6r\u0171 v\u00e9delm\u00e9t.&nbsp;<\/p>\n<p><em>Mit lehet bejelenteni? <\/em><\/p>\n<p>A Panaszt\u00f6rv\u00e9ny 20. \u00a7 (1) bekezd\u00e9s\u00e9ben r\u00f6gz\u00edtettek szerint, a jogellenes vagy jogellenesnek felt\u00e9telezett cselekm\u00e9nyre vagy mulaszt\u00e1sra, illetve egy\u00e9b vissza\u00e9l\u00e9sre vonatkoz\u00f3 inform\u00e1ci\u00f3t. &nbsp;<\/p>\n<p><em>Ki tehet bejelent\u00e9st? <\/em><\/p>\n<p>A Panaszt\u00f6rv\u00e9ny 20. \u00a7 (2) \u00e9s (3) bekezd\u00e9s\u00e9ben meghat\u00e1rozott jogosultak k\u00f6re.<\/p>\n<p><em>Hol lehet bejelent\u00e9st tenni? <\/em><\/p>\n<p>A bejelent\u00e9st kiz\u00e1r\u00f3lag Foglalkoztat\u00f3 \u00e1ltal m\u0171k\u00f6dtetett csatorn\u00e1kon a Panaszt\u00f6rv\u00e9ny 21. \u00a7-\u00e1ban meghat\u00e1rozott m\u00f3don lehet megtenni.<\/p>\n<p><u>Szem\u00e9lyes bejelent\u00e9s<\/u> fogad\u00e1s\u00e1t a 1117 Budapest, Bercs\u00e9nyi utca 25. III. emelet\u00e9n l\u00e9v\u0151 irod\u00e1ban munkanapokon, munkaid\u0151ben, el\u0151re egyeztetett id\u0151pontban biztos\u00edtjuk.<\/p>\n<p><u>Telefonon t\u00f6rt\u00e9n\u0151 bejelent\u00e9st<\/u> lehet\u0151s\u00e9g\u00e9t, a kiz\u00e1r\u00f3lag a bels\u0151 vissza\u00e9l\u00e9s-bejelent\u0151 rendszer m\u0171k\u00f6dtet\u00e9se c\u00e9lj\u00e1b\u00f3l a Foglalkoztat\u00f3 \u00e1ltal l\u00e9trehozott <strong>+36 (20) 331 6463<\/strong> h\u00edv\u00f3sz\u00e1m\u00fa telefonvonal, munkanapokon \u00e9s munkaid\u0151ben t\u00f6rt\u00e9n\u0151 h\u00edv\u00e1skezdem\u00e9nyez\u00e9s h\u00edv\u00e1sfogad\u00e1sa kapcs\u00e1n biztos\u00edtjuk. &nbsp;<\/p>\n<p><u>Elektronikus lev\u00e9lben<\/u> a <a href=\"mailto:bejelentes@koensecurity.hu\"><strong>bejelentes@koensecurity.hu<\/strong><\/a><strong>, <\/strong>e-mail c\u00edmre k\u00fcld\u00e9ssel lehet a vissza\u00e9l\u00e9ssel kapcsolatos bejelent\u00e9st megtenni.<\/p>\n<p>Az elektronikus \u00faton t\u00f6rt\u00e9n\u0151 bejelent\u00e9st a Panaszt\u00f6rv\u00e9ny 21.\u00a7 (1) bekezd\u00e9s\u00e9ben meghat\u00e1rozott \u00edr\u00e1sos bejelent\u00e9snek tekintj\u00fck. &nbsp;<\/p>\n<p>A KOEN Security Biztons\u00e1gi Kft. egy\u00e9b \u00faton bejelent\u00e9st nem fogad.<\/p>\n<p><\/p>\n<p><em>Lehet-e anonim bejelent\u00e9st tenni? <\/em><\/p>\n<p>A bejelent\u00e9s n\u00e9vtelen\u00fcl is megtehet\u0151, azonban Panaszt\u00f6rv\u00e9ny 22. \u00a7 (6) bekezd\u00e9se a) pontja alapj\u00e1n az anonim bejelent\u00e9s kivizsg\u00e1l\u00e1sa mell\u0151zhet\u0151.<\/p>\n<p>Milyen v\u00e9delmet kap a bejelent\u0151?<\/p>\n<p>A Panaszt\u00f6rv\u00e9ny 41. \u00a7 (1) bekezd\u00e9se alapj\u00e1n a Foglalkoztat\u00f3 k\u00f6teles biztos\u00edtani, hogy a bejelent\u0151t nem \u00e9rje semmif\u00e9le h\u00e1tr\u00e1nyos int\u00e9zked\u00e9s a bejelent\u00e9se miatt.<\/p>\n<p>A Panaszt\u00f6rv\u00e9ny 42. \u00a7 (1) bekezd\u00e9se alapj\u00e1n bejelent\u0151 a bejelent\u00e9s jogszer\u0171 megt\u00e9tel\u00e9\u00e9rt nem vonhat\u00f3 felel\u0151ss\u00e9gre, erre valamennyi hat\u00f3s\u00e1gi vagy b\u00edr\u00f3s\u00e1gi elj\u00e1r\u00e1s sor\u00e1n \u2013 a bejelent\u00e9s megt\u00e9tele jogszer\u0171s\u00e9g\u00e9nek bizony\u00edt\u00e1sa mellett \u2013 hivatkozhat.<\/p>\n<p><u>Felh\u00edvjuk a figyelmet, hogy a bejelent\u0151 nem tehet nyilv\u00e1nval\u00f3an val\u00f3tlan vagy rosszhiszem\u0171 bejelent\u00e9st! <\/u><\/p>\n<p>A bejelent\u0151v\u00e9delem kiz\u00e1r\u00f3lag a Panaszt\u00f6rv\u00e9ny 48. \u00a7 (1) bekezd\u00e9s\u00e9ben meghat\u00e1rozott esetekben illeti meg a bejelent\u0151t.&nbsp;<\/p>\n<p>Ugyanakkor a bejelent\u0151v\u00e9delem nem illeti meg a bejelent\u0151t a Panaszt\u00f6rv\u00e9ny 48. \u00a7 (2) bekezd\u00e9s\u00e9ben meghat\u00e1rozott esetekben.<\/p>\n<p>A Panaszt\u00f6rv\u00e9ny 45. \u00a7 mutatja meg, hogy mikor jogszer\u0171 a bejelent\u00e9s, a t\u00f6rv\u00e9ny 46. \u00a7-a pedig meghat\u00e1rozza, hogy mely esetekben kell jogszer\u0171en megtett bejelent\u00e9snek tekinteni azt.<\/p>\n<p><em>Hogyan kezelik a szem\u00e9lyes adatokat az elj\u00e1r\u00e1s sor\u00e1n? <\/em><\/p>\n<p>A Foglalkoztat\u00f3 a Panaszt\u00f6rv\u00e9ny 26. \u00a7 (1) bekezd\u00e9s\u00e9ben felsoroltak szem\u00e9lyes adatait kiz\u00e1r\u00f3lag a bejelent\u00e9s kivizsg\u00e1l\u00e1sa \u00e9s a bejelent\u00e9s t\u00e1rgy\u00e1t k\u00e9pez\u0151 magatart\u00e1s orvosl\u00e1sa vagy megsz\u00fcntet\u00e9se c\u00e9lj\u00e1b\u00f3l kezeli.<\/p>\n<p>A Panaszt\u00f6rv\u00e9ny 27. \u00a7 (1) bekezd\u00e9se alapj\u00e1n, a 26. \u00a7 (1) bekezd\u00e9s\u00e9ben felsoroltak adatait az jogosultakon k\u00edv\u00fcl m\u00e1s nem ismerheti meg. &nbsp;<\/p>\n<p>A Panaszt\u00f6rv\u00e9ny 26. \u00a7 (4) bekezd\u00e9se alapj\u00e1n, a bejelent\u0151 szem\u00e9lyes adatai nem tehet\u0151k megismerhet\u0151v\u00e9 a t\u00e1j\u00e9koztat\u00e1st k\u00e9r\u0151 szem\u00e9ly sz\u00e1m\u00e1ra.<\/p>\n<p>A kivizsg\u00e1l\u00e1s lefolytat\u00e1s\u00e1hoz nem sz\u00fcks\u00e9ges szem\u00e9lyes adatokat t\u00f6r\u00f6lni kell. A vizsg\u00e1lat lez\u00e1r\u00e1s\u00e1t k\u00f6vet\u0151en az adatokat anonimiz\u00e1lni kell.<\/p>\n<p><\/p>\n<p>Az \u00e9rintett az adatkezel\u00e9ssel kapcsolatos panaszokkal a<\/p>\n<p><strong>Nemzeti Adatv\u00e9delmi \u00e9s Inform\u00e1ci\u00f3szabads\u00e1g Hat\u00f3s\u00e1ghoz <\/strong><\/p>\n<p><strong>c\u00edm: 1055 Budapest, Falk Miksa utca 9-11., <\/strong><\/p>\n<p><strong>tel.: +36-1-391- 1400, <\/strong><\/p>\n<p><strong>e-mail c\u00edm: ugyfelszolgalat@naih.hu)<\/strong>,<\/p>\n<p>vagy a b\u00edr\u00f3s\u00e1ghoz lehet fordulhat.<\/p>\n<p><\/p>\n<p><em>Mi t\u00f6rt\u00e9nik a bejelent\u00e9st k\u00f6vet\u0151en? <\/em><\/p>\n<p>A bejelent\u00e9st a bejelent\u00e9st kivizsg\u00e1l\u00f3 fogadja \u00e9s vizsg\u00e1lja ki. A Panaszt\u00f6rv\u00e9ny 22. \u00a7-\u00e1ban foglaltaknak megfelel\u0151en, &nbsp;bejelent\u00e9sr\u0151l a bejelent\u0151 h\u00e9t napon bel\u00fcl visszaigazol\u00e1st, a jogair\u00f3l \u00e9s k\u00f6telezetts\u00e9geir\u0151l \u00e1ltal\u00e1nos t\u00e1j\u00e9koztat\u00e1st kap.<\/p>\n<p>A bejelent\u00e9st kivizsg\u00e1l\u00f3 a bejelent\u00e9sben foglaltakat a lehet\u0151 legr\u00f6videbb id\u0151n bel\u00fcl, de legfeljebb a bejelent\u00e9s be\u00e9rkez\u00e9s\u00e9t\u0151l sz\u00e1m\u00edtott harminc napon bel\u00fcl kivizsg\u00e1lja. A kivizsg\u00e1l\u00e1s hat\u00e1rideje k\u00fcl\u00f6n\u00f6sen indokolt esetben \u2013 a bejelent\u0151 egyidej\u0171 t\u00e1j\u00e9koztat\u00e1sa mellett \u2013 meghosszabb\u00edthat\u00f3, azonban a bejelent\u00e9s kivizsg\u00e1l\u00e1s\u00e1nak hat\u00e1rideje a meghosszabb\u00edt\u00e1s eset\u00e9n sem haladhatja meg a h\u00e1rom h\u00f3napot.<\/p>\n<p>A bejelent\u00e9st kivizsg\u00e1l\u00f3 az el\u0151zetes vizsg\u00e1lat sor\u00e1n meg\u00e1llap\u00edtja, hogy a Panaszt\u00f6rv\u00e9ny 22. \u00a7 (6) bekezd\u00e9se alapj\u00e1n van-e helye a vizsg\u00e1lat mell\u0151z\u00e9s\u00e9nek.&nbsp;<\/p>\n<p>A bejelent\u00e9s kivizsg\u00e1l\u00e1sa sor\u00e1n a bejelent\u00e9st kivizsg\u00e1l\u00f3 kapcsolatot tart a bejelent\u0151vel, ennek keret\u00e9ben a Panaszt\u00f6rv\u00e9ny 22. \u00a7 (5) bekezd\u00e9se alapj\u00e1n bejelent\u00e9s kieg\u00e9sz\u00edt\u00e9s\u00e9re, pontos\u00edt\u00e1s\u00e1ra, a t\u00e9ny\u00e1ll\u00e1s tiszt\u00e1z\u00e1s\u00e1ra, valamint tov\u00e1bbi inform\u00e1ci\u00f3k rendelkez\u00e9sre bocs\u00e1t\u00e1s\u00e1ra h\u00edvhatja fel a bejelent\u0151t. A vizsg\u00e1lat eredm\u00e9nyek\u00e9nt meg\u00e1llap\u00edtja, hogy t\u00f6rt\u00e9nt-e jogs\u00e9rt\u00e9s vagy vissza\u00e9l\u00e9s. Amennyiben igen, \u00fagy int\u00e9zked\u00e9si javaslatot k\u00e9sz\u00edt a Foglalkoztat\u00f3 sz\u00e1m\u00e1ra. A vizsg\u00e1lat eredm\u00e9nyeir\u0151l \u00e9s az esetleges int\u00e9zked\u00e9sekr\u0151l t\u00e1j\u00e9koztatja a bejelent\u0151t. &nbsp;<\/p>\n<p><\/p>\n<p>&nbsp;&nbsp;&nbsp;&nbsp;&nbsp;&nbsp;&nbsp;&nbsp;&nbsp;&nbsp;&nbsp;&nbsp;&nbsp;&nbsp;&nbsp;&nbsp;&nbsp;&nbsp;&nbsp;&nbsp;&nbsp;&nbsp;&nbsp;&nbsp;&nbsp;&nbsp;&nbsp;&nbsp;&nbsp;&nbsp;&nbsp;&nbsp;&nbsp;&nbsp;&nbsp;&nbsp;&nbsp;&nbsp;&nbsp;&nbsp;&nbsp;&nbsp;&nbsp;&nbsp;&nbsp;&nbsp;&nbsp;&nbsp;&nbsp;&nbsp;&nbsp;&nbsp;&nbsp;&nbsp;&nbsp;&nbsp;&nbsp;&nbsp;&nbsp;&nbsp;&nbsp;&nbsp;&nbsp;&nbsp;&nbsp;&nbsp;&nbsp;&nbsp;&nbsp;&nbsp;&nbsp;&nbsp;&nbsp;&nbsp; &nbsp;&nbsp;&nbsp;&nbsp;&nbsp;&nbsp;&nbsp;&nbsp;&nbsp;&nbsp;&nbsp;&nbsp;&nbsp;&nbsp;&nbsp;&nbsp;&nbsp;&nbsp;&nbsp;&nbsp;&nbsp;&nbsp;&nbsp;&nbsp;&nbsp;&nbsp;KOEN Security Biztons\u00e1gi Kft.<\/p>\t\t\t\t\t\t\t\t<\/div>\n\t\t\t\t<\/div>\n\t\t\t\t\t<\/div>\n\t\t\t\t<\/div>\n\t\t\t\t<\/div>\n\t\t","protected":false},"excerpt":{"rendered":"<p>T\u00e1j\u00e9koztat\u00e1s a vissza\u00e9l\u00e9s-bejelent\u00e9sekkel, valamint a bels\u0151 vissza\u00e9l\u00e9s- bejelent\u00e9si rendszer m\u0171k\u00f6d\u00e9s\u00e9vel kapcsolatban A KOEN Security Biztons\u00e1gi Kft. a panaszokr\u00f3l, a k\u00f6z\u00e9rdek\u0171 bejelent\u00e9sekr\u0151l, valamint a vissza\u00e9l\u00e9sek bejelent\u00e9s\u00e9vel \u00f6sszef\u00fcgg\u0151 szab\u00e1lyokr\u00f3l sz\u00f3l\u00f3 2023. \u00e9vi XXV. t\u00f6rv\u00e9ny (a tov\u00e1bbiakban: Panaszt\u00f6rv\u00e9ny) 18. \u00a7 (1) bekezd\u00e9s\u00e9ben foglaltak alapj\u00e1n bels\u0151 vissza\u00e9l\u00e9s-bejelent\u00e9si rendszert m\u0171k\u00f6dtet, melyr\u0151l az al\u00e1bbi t\u00e1j\u00e9koztat\u00e1st adja. Mi a bels\u0151 vissza\u00e9l\u00e9s-bejelent\u00e9si rendszer [&hellip;]<\/p>\n","protected":false},"author":1,"featured_media":0,"parent":0,"menu_order":0,"comment_status":"closed","ping_status":"closed","template":"","meta":{"site-sidebar-layout":"no-sidebar","site-content-layout":"page-builder","ast-site-content-layout":"full-width-container","site-content-style":"default","site-sidebar-style":"default","ast-global-header-display":"","ast-banner-title-visibility":"","ast-main-header-display":"","ast-hfb-above-header-display":"","ast-hfb-below-header-display":"","ast-hfb-mobile-header-display":"","site-post-title":"disabled","ast-breadcrumbs-content":"","ast-featured-img":"disabled","footer-sml-layout":"","ast-disable-related-posts":"","theme-transparent-header-meta":"","adv-header-id-meta":"","stick-header-meta":"","header-above-stick-meta":"","header-main-stick-meta":"","header-below-stick-meta":"","astra-migrate-meta-layouts":"set","ast-page-background-enabled":"default","ast-page-background-meta":{"desktop":{"background-color":"","background-image":"","background-repeat":"repeat","background-position":"center center","background-size":"auto","background-attachment":"scroll","background-type":"","background-media":"","overlay-type":"","overlay-color":"","overlay-opacity":"","overlay-gradient":""},"tablet":{"background-color":"","background-image":"","background-repeat":"repeat","background-position":"center center","background-size":"auto","background-attachment":"scroll","background-type":"","background-media":"","overlay-type":"","overlay-color":"","overlay-opacity":"","overlay-gradient":""},"mobile":{"background-color":"","background-image":"","background-repeat":"repeat","background-position":"center center","background-size":"auto","background-attachment":"scroll","background-type":"","background-media":"","overlay-type":"","overlay-color":"","overlay-opacity":"","overlay-gradient":""}},"ast-content-background-meta":{"desktop":{"background-color":"var(--ast-global-color-5)","background-image":"","background-repeat":"repeat","background-position":"center center","background-size":"auto","background-attachment":"scroll","background-type":"","background-media":"","overlay-type":"","overlay-color":"","overlay-opacity":"","overlay-gradient":""},"tablet":{"background-color":"var(--ast-global-color-5)","background-image":"","background-repeat":"repeat","background-position":"center center","background-size":"auto","background-attachment":"scroll","background-type":"","background-media":"","overlay-type":"","overlay-color":"","overlay-opacity":"","overlay-gradient":""},"mobile":{"background-color":"var(--ast-global-color-5)","background-image":"","background-repeat":"repeat","background-position":"center center","background-size":"auto","background-attachment":"scroll","background-type":"","background-media":"","overlay-type":"","overlay-color":"","overlay-opacity":"","overlay-gradient":""}},"footnotes":""},"class_list":["post-846","page","type-page","status-publish","hentry"],"_links":{"self":[{"href":"https:\/\/koensecurity.hu\/index.php?rest_route=\/wp\/v2\/pages\/846","targetHints":{"allow":["GET"]}}],"collection":[{"href":"https:\/\/koensecurity.hu\/index.php?rest_route=\/wp\/v2\/pages"}],"about":[{"href":"https:\/\/koensecurity.hu\/index.php?rest_route=\/wp\/v2\/types\/page"}],"author":[{"embeddable":true,"href":"https:\/\/koensecurity.hu\/index.php?rest_route=\/wp\/v2\/users\/1"}],"replies":[{"embeddable":true,"href":"https:\/\/koensecurity.hu\/index.php?rest_route=%2Fwp%2Fv2%2Fcomments&post=846"}],"version-history":[{"count":17,"href":"https:\/\/koensecurity.hu\/index.php?rest_route=\/wp\/v2\/pages\/846\/revisions"}],"predecessor-version":[{"id":907,"href":"https:\/\/koensecurity.hu\/index.php?rest_route=\/wp\/v2\/pages\/846\/revisions\/907"}],"wp:attachment":[{"href":"https:\/\/koensecurity.hu\/index.php?rest_route=%2Fwp%2Fv2%2Fmedia&parent=846"}],"curies":[{"name":"wp","href":"https:\/\/api.w.org\/{rel}","templated":true}]}}